{"id":239,"date":"2018-02-20T17:44:44","date_gmt":"2018-02-20T16:44:44","guid":{"rendered":"https:\/\/looko2web.nazwa.pl\/?page_id=239"},"modified":"2021-10-07T09:37:58","modified_gmt":"2021-10-07T07:37:58","slug":"kontakt","status":"publish","type":"page","link":"https:\/\/looko2.pl\/en\/kontakt\/","title":{"rendered":"Kontakt"},"content":{"rendered":"","protected":false},"excerpt":{"rendered":"","protected":false},"author":1,"featured_media":0,"parent":0,"menu_order":0,"comment_status":"closed","ping_status":"closed","template":"page-contact.php","meta":[],"acf":[],"yoast_head":"<!-- This site is optimized with the Yoast SEO plugin v18.1 - https:\/\/yoast.com\/wordpress\/plugins\/seo\/ -->\n<meta name=\"description\" content=\"Masz pytania na temat czujnika smogu LookO2 ? Zapraszamy Pon-Pt 10:00 -&gt; 17:00, kontakt@looko2.com. Postaramy si\u0119 odpowiedzie\u0107 na Pa\u0144stwa pytania dotycz\u0105ce produkt\u00f3w.\" \/>\n<meta name=\"robots\" content=\"index, follow, max-snippet:-1, max-image-preview:large, max-video-preview:-1\" \/>\n<link rel=\"canonical\" href=\"https:\/\/looko2.pl\/en\/kontakt\/\" \/>\n<meta property=\"og:locale\" content=\"en_US\" \/>\n<meta property=\"og:type\" content=\"article\" \/>\n<meta property=\"og:title\" content=\"Kontakt - LookO2\" \/>\n<meta property=\"og:description\" content=\"Masz pytania na temat czujnika smogu LookO2 ? Zapraszamy Pon-Pt 10:00 -&gt; 17:00, kontakt@looko2.com. Postaramy si\u0119 odpowiedzie\u0107 na Pa\u0144stwa pytania dotycz\u0105ce produkt\u00f3w.\" \/>\n<meta property=\"og:url\" content=\"https:\/\/looko2.pl\/en\/kontakt\/\" \/>\n<meta property=\"og:site_name\" content=\"LookO2\" \/>\n<meta property=\"article:modified_time\" content=\"2021-10-07T07:37:58+00:00\" \/>\n<meta name=\"twitter:card\" content=\"summary_large_image\" \/>\n<script type=\"application\/ld+json\" class=\"yoast-schema-graph\">{\"@context\":\"https:\/\/schema.org\",\"@graph\":[{\"@type\":\"WebSite\",\"@id\":\"https:\/\/looko2.pl\/en\/#website\",\"url\":\"https:\/\/looko2.pl\/en\/\",\"name\":\"LookO2\",\"description\":\"Tw\u00f3j osobisty czujnik jako\u015bci powietrza (smogu)\",\"potentialAction\":[{\"@type\":\"SearchAction\",\"target\":{\"@type\":\"EntryPoint\",\"urlTemplate\":\"https:\/\/looko2.pl\/en\/?s={search_term_string}\"},\"query-input\":\"required name=search_term_string\"}],\"inLanguage\":\"en-US\"},{\"@type\":\"WebPage\",\"@id\":\"https:\/\/looko2.pl\/en\/kontakt\/#webpage\",\"url\":\"https:\/\/looko2.pl\/en\/kontakt\/\",\"name\":\"Kontakt - LookO2\",\"isPartOf\":{\"@id\":\"https:\/\/looko2.pl\/en\/#website\"},\"datePublished\":\"2018-02-20T16:44:44+00:00\",\"dateModified\":\"2021-10-07T07:37:58+00:00\",\"description\":\"Masz pytania na temat czujnika smogu LookO2 ? Zapraszamy Pon-Pt 10:00 -> 17:00, kontakt@looko2.com. Postaramy si\u0119 odpowiedzie\u0107 na Pa\u0144stwa pytania dotycz\u0105ce produkt\u00f3w.\",\"breadcrumb\":{\"@id\":\"https:\/\/looko2.pl\/en\/kontakt\/#breadcrumb\"},\"inLanguage\":\"en-US\",\"potentialAction\":[{\"@type\":\"ReadAction\",\"target\":[\"https:\/\/looko2.pl\/en\/kontakt\/\"]}]},{\"@type\":\"BreadcrumbList\",\"@id\":\"https:\/\/looko2.pl\/en\/kontakt\/#breadcrumb\",\"itemListElement\":[{\"@type\":\"ListItem\",\"position\":1,\"name\":\"Strona g\u0142\u00f3wna\",\"item\":\"https:\/\/looko2.pl\/en\/\"},{\"@type\":\"ListItem\",\"position\":2,\"name\":\"Kontakt\"}]}]}<\/script>\n<!-- \/ Yoast SEO plugin. -->","yoast_head_json":{"description":"Masz pytania na temat czujnika smogu LookO2 ? Zapraszamy Pon-Pt 10:00 -> 17:00, kontakt@looko2.com. Postaramy si\u0119 odpowiedzie\u0107 na Pa\u0144stwa pytania dotycz\u0105ce produkt\u00f3w.","robots":{"index":"index","follow":"follow","max-snippet":"max-snippet:-1","max-image-preview":"max-image-preview:large","max-video-preview":"max-video-preview:-1"},"canonical":"https:\/\/looko2.pl\/en\/kontakt\/","og_locale":"en_US","og_type":"article","og_title":"Kontakt - LookO2","og_description":"Masz pytania na temat czujnika smogu LookO2 ? Zapraszamy Pon-Pt 10:00 -> 17:00, kontakt@looko2.com. Postaramy si\u0119 odpowiedzie\u0107 na Pa\u0144stwa pytania dotycz\u0105ce produkt\u00f3w.","og_url":"https:\/\/looko2.pl\/en\/kontakt\/","og_site_name":"LookO2","article_modified_time":"2021-10-07T07:37:58+00:00","twitter_card":"summary_large_image","schema":{"@context":"https:\/\/schema.org","@graph":[{"@type":"WebSite","@id":"https:\/\/looko2.pl\/en\/#website","url":"https:\/\/looko2.pl\/en\/","name":"LookO2","description":"Tw\u00f3j osobisty czujnik jako\u015bci powietrza (smogu)","potentialAction":[{"@type":"SearchAction","target":{"@type":"EntryPoint","urlTemplate":"https:\/\/looko2.pl\/en\/?s={search_term_string}"},"query-input":"required name=search_term_string"}],"inLanguage":"en-US"},{"@type":"WebPage","@id":"https:\/\/looko2.pl\/en\/kontakt\/#webpage","url":"https:\/\/looko2.pl\/en\/kontakt\/","name":"Kontakt - LookO2","isPartOf":{"@id":"https:\/\/looko2.pl\/en\/#website"},"datePublished":"2018-02-20T16:44:44+00:00","dateModified":"2021-10-07T07:37:58+00:00","description":"Masz pytania na temat czujnika smogu LookO2 ? Zapraszamy Pon-Pt 10:00 -> 17:00, kontakt@looko2.com. Postaramy si\u0119 odpowiedzie\u0107 na Pa\u0144stwa pytania dotycz\u0105ce produkt\u00f3w.","breadcrumb":{"@id":"https:\/\/looko2.pl\/en\/kontakt\/#breadcrumb"},"inLanguage":"en-US","potentialAction":[{"@type":"ReadAction","target":["https:\/\/looko2.pl\/en\/kontakt\/"]}]},{"@type":"BreadcrumbList","@id":"https:\/\/looko2.pl\/en\/kontakt\/#breadcrumb","itemListElement":[{"@type":"ListItem","position":1,"name":"Strona g\u0142\u00f3wna","item":"https:\/\/looko2.pl\/en\/"},{"@type":"ListItem","position":2,"name":"Kontakt"}]}]}},"_links":{"self":[{"href":"https:\/\/looko2.pl\/en\/wp-json\/wp\/v2\/pages\/239"}],"collection":[{"href":"https:\/\/looko2.pl\/en\/wp-json\/wp\/v2\/pages"}],"about":[{"href":"https:\/\/looko2.pl\/en\/wp-json\/wp\/v2\/types\/page"}],"author":[{"embeddable":true,"href":"https:\/\/looko2.pl\/en\/wp-json\/wp\/v2\/users\/1"}],"replies":[{"embeddable":true,"href":"https:\/\/looko2.pl\/en\/wp-json\/wp\/v2\/comments?post=239"}],"version-history":[{"count":17,"href":"https:\/\/looko2.pl\/en\/wp-json\/wp\/v2\/pages\/239\/revisions"}],"predecessor-version":[{"id":755,"href":"https:\/\/looko2.pl\/en\/wp-json\/wp\/v2\/pages\/239\/revisions\/755"}],"wp:attachment":[{"href":"https:\/\/looko2.pl\/en\/wp-json\/wp\/v2\/media?parent=239"}],"curies":[{"name":"wp","href":"https:\/\/api.w.org\/{rel}","templated":true}]}}